{"id":194,"date":"2025-02-17T08:34:49","date_gmt":"2025-02-17T07:34:49","guid":{"rendered":"http:\/\/wasserwacht-lerchenau.de\/blog\/?page_id=194"},"modified":"2025-02-17T08:34:49","modified_gmt":"2025-02-17T07:34:49","slug":"leitung","status":"publish","type":"page","link":"http:\/\/wasserwacht-lerchenau.de\/blog\/index.php\/leitung\/","title":{"rendered":"Leitung"},"content":{"rendered":"\n<p>Diese Seite befindet sich noch im Aufbau. Wir bitte noch um etwas Geduld<\/p>\n\n\n\n<div class=\"wp-block-media-text alignwide is-stacked-on-mobile\"><figure class=\"wp-block-media-text__media\"><img loading=\"lazy\" decoding=\"async\" width=\"1024\" height=\"683\" src=\"http:\/\/wasserwacht-lerchenau.de\/blog\/wp-content\/uploads\/2020\/04\/IMG_8751-1024x683.jpg\" alt=\"\" class=\"wp-image-218 size-full\" srcset=\"http:\/\/wasserwacht-lerchenau.de\/blog\/wp-content\/uploads\/2020\/04\/IMG_8751-1024x683.jpg 1024w, http:\/\/wasserwacht-lerchenau.de\/blog\/wp-content\/uploads\/2020\/04\/IMG_8751-300x200.jpg 300w, http:\/\/wasserwacht-lerchenau.de\/blog\/wp-content\/uploads\/2020\/04\/IMG_8751-768x512.jpg 768w, http:\/\/wasserwacht-lerchenau.de\/blog\/wp-content\/uploads\/2020\/04\/IMG_8751-1536x1024.jpg 1536w, http:\/\/wasserwacht-lerchenau.de\/blog\/wp-content\/uploads\/2020\/04\/IMG_8751-2048x1365.jpg 2048w, http:\/\/wasserwacht-lerchenau.de\/blog\/wp-content\/uploads\/2020\/04\/IMG_8751-150x100.jpg 150w, http:\/\/wasserwacht-lerchenau.de\/blog\/wp-content\/uploads\/2020\/04\/IMG_8751-1000x667.jpg 1000w\" sizes=\"auto, (max-width: 1024px) 100vw, 1024px\" \/><\/figure><div class=\"wp-block-media-text__content\">\n<h4 class=\"wp-block-heading\">Ortsgruppenleiter<\/h4>\n\n\n\n<p>Benjamin Kagerer<\/p>\n<\/div><\/div>\n\n\n\n<hr class=\"wp-block-separator has-css-opacity\"\/>\n\n\n\n<div class=\"wp-block-media-text alignwide is-stacked-on-mobile\"><figure class=\"wp-block-media-text__media\"><img loading=\"lazy\" decoding=\"async\" width=\"1024\" height=\"683\" src=\"http:\/\/wasserwacht-lerchenau.de\/blog\/wp-content\/uploads\/2020\/04\/IMG_8751-1024x683.jpg\" alt=\"\" class=\"wp-image-218 size-full\" srcset=\"http:\/\/wasserwacht-lerchenau.de\/blog\/wp-content\/uploads\/2020\/04\/IMG_8751-1024x683.jpg 1024w, http:\/\/wasserwacht-lerchenau.de\/blog\/wp-content\/uploads\/2020\/04\/IMG_8751-300x200.jpg 300w, http:\/\/wasserwacht-lerchenau.de\/blog\/wp-content\/uploads\/2020\/04\/IMG_8751-768x512.jpg 768w, http:\/\/wasserwacht-lerchenau.de\/blog\/wp-content\/uploads\/2020\/04\/IMG_8751-1536x1024.jpg 1536w, http:\/\/wasserwacht-lerchenau.de\/blog\/wp-content\/uploads\/2020\/04\/IMG_8751-2048x1365.jpg 2048w, http:\/\/wasserwacht-lerchenau.de\/blog\/wp-content\/uploads\/2020\/04\/IMG_8751-150x100.jpg 150w, http:\/\/wasserwacht-lerchenau.de\/blog\/wp-content\/uploads\/2020\/04\/IMG_8751-1000x667.jpg 1000w\" sizes=\"auto, (max-width: 1024px) 100vw, 1024px\" \/><\/figure><div class=\"wp-block-media-text__content\">\n<h4 class=\"wp-block-heading\">Technischer Leiter<\/h4>\n\n\n\n<p>Mirko Schr\u00f6der<\/p>\n<\/div><\/div>\n\n\n\n<hr class=\"wp-block-separator has-css-opacity\"\/>\n\n\n\n<div class=\"wp-block-media-text alignwide is-stacked-on-mobile\"><figure class=\"wp-block-media-text__media\"><img loading=\"lazy\" decoding=\"async\" width=\"1024\" height=\"683\" src=\"http:\/\/wasserwacht-lerchenau.de\/blog\/wp-content\/uploads\/2020\/04\/IMG_8751-1024x683.jpg\" alt=\"\" class=\"wp-image-218 size-full\" srcset=\"http:\/\/wasserwacht-lerchenau.de\/blog\/wp-content\/uploads\/2020\/04\/IMG_8751-1024x683.jpg 1024w, http:\/\/wasserwacht-lerchenau.de\/blog\/wp-content\/uploads\/2020\/04\/IMG_8751-300x200.jpg 300w, http:\/\/wasserwacht-lerchenau.de\/blog\/wp-content\/uploads\/2020\/04\/IMG_8751-768x512.jpg 768w, http:\/\/wasserwacht-lerchenau.de\/blog\/wp-content\/uploads\/2020\/04\/IMG_8751-1536x1024.jpg 1536w, http:\/\/wasserwacht-lerchenau.de\/blog\/wp-content\/uploads\/2020\/04\/IMG_8751-2048x1365.jpg 2048w, http:\/\/wasserwacht-lerchenau.de\/blog\/wp-content\/uploads\/2020\/04\/IMG_8751-150x100.jpg 150w, http:\/\/wasserwacht-lerchenau.de\/blog\/wp-content\/uploads\/2020\/04\/IMG_8751-1000x667.jpg 1000w\" sizes=\"auto, (max-width: 1024px) 100vw, 1024px\" \/><\/figure><div class=\"wp-block-media-text__content\">\n<h4 class=\"wp-block-heading\">1. stv. Technischer Leiter<\/h4>\n\n\n\n<p>Tobias Meier<\/p>\n<\/div><\/div>\n\n\n\n<hr class=\"wp-block-separator has-css-opacity\"\/>\n\n\n\n<div class=\"wp-block-media-text alignwide is-stacked-on-mobile\"><figure class=\"wp-block-media-text__media\"><img loading=\"lazy\" decoding=\"async\" width=\"1024\" height=\"683\" src=\"http:\/\/wasserwacht-lerchenau.de\/blog\/wp-content\/uploads\/2020\/04\/IMG_8751-1024x683.jpg\" alt=\"\" class=\"wp-image-218 size-full\" srcset=\"http:\/\/wasserwacht-lerchenau.de\/blog\/wp-content\/uploads\/2020\/04\/IMG_8751-1024x683.jpg 1024w, http:\/\/wasserwacht-lerchenau.de\/blog\/wp-content\/uploads\/2020\/04\/IMG_8751-300x200.jpg 300w, http:\/\/wasserwacht-lerchenau.de\/blog\/wp-content\/uploads\/2020\/04\/IMG_8751-768x512.jpg 768w, http:\/\/wasserwacht-lerchenau.de\/blog\/wp-content\/uploads\/2020\/04\/IMG_8751-1536x1024.jpg 1536w, http:\/\/wasserwacht-lerchenau.de\/blog\/wp-content\/uploads\/2020\/04\/IMG_8751-2048x1365.jpg 2048w, http:\/\/wasserwacht-lerchenau.de\/blog\/wp-content\/uploads\/2020\/04\/IMG_8751-150x100.jpg 150w, http:\/\/wasserwacht-lerchenau.de\/blog\/wp-content\/uploads\/2020\/04\/IMG_8751-1000x667.jpg 1000w\" sizes=\"auto, (max-width: 1024px) 100vw, 1024px\" \/><\/figure><div class=\"wp-block-media-text__content\">\n<h4 class=\"wp-block-heading\">2. stv. Technischer Leiter<\/h4>\n\n\n\n<p>Benedikt R\u00f6\u00dfle<\/p>\n<\/div><\/div>\n\n\n\n<hr class=\"wp-block-separator has-css-opacity\"\/>\n\n\n\n<div class=\"wp-block-media-text alignwide is-stacked-on-mobile\"><figure class=\"wp-block-media-text__media\"><img loading=\"lazy\" decoding=\"async\" width=\"1024\" height=\"683\" src=\"http:\/\/wasserwacht-lerchenau.de\/blog\/wp-content\/uploads\/2020\/04\/IMG_8751-1024x683.jpg\" alt=\"\" class=\"wp-image-218 size-full\" srcset=\"http:\/\/wasserwacht-lerchenau.de\/blog\/wp-content\/uploads\/2020\/04\/IMG_8751-1024x683.jpg 1024w, http:\/\/wasserwacht-lerchenau.de\/blog\/wp-content\/uploads\/2020\/04\/IMG_8751-300x200.jpg 300w, http:\/\/wasserwacht-lerchenau.de\/blog\/wp-content\/uploads\/2020\/04\/IMG_8751-768x512.jpg 768w, http:\/\/wasserwacht-lerchenau.de\/blog\/wp-content\/uploads\/2020\/04\/IMG_8751-1536x1024.jpg 1536w, http:\/\/wasserwacht-lerchenau.de\/blog\/wp-content\/uploads\/2020\/04\/IMG_8751-2048x1365.jpg 2048w, http:\/\/wasserwacht-lerchenau.de\/blog\/wp-content\/uploads\/2020\/04\/IMG_8751-150x100.jpg 150w, http:\/\/wasserwacht-lerchenau.de\/blog\/wp-content\/uploads\/2020\/04\/IMG_8751-1000x667.jpg 1000w\" sizes=\"auto, (max-width: 1024px) 100vw, 1024px\" \/><\/figure><div class=\"wp-block-media-text__content\">\n<h4 class=\"wp-block-heading\">Jugendleiterin<\/h4>\n\n\n\n<p>Alsacia Steinke<\/p>\n<\/div><\/div>\n\n\n\n<p><\/p>\n","protected":false},"excerpt":{"rendered":"<p>Diese Seite befindet sich noch im Aufbau. Wir bitte noch um etwas Geduld Ortsgruppenleiter Benjamin Kagerer Technischer Leiter Mirko Schr\u00f6der 1. stv. Technischer Leiter Tobias Meier 2. stv. Technischer Leiter Benedikt R\u00f6\u00dfle Jugendleiterin Alsacia Steinke<\/p>\n","protected":false},"author":5,"featured_media":0,"parent":0,"menu_order":0,"comment_status":"closed","ping_status":"closed","template":"","meta":{"footnotes":""},"class_list":["post-194","page","type-page","status-publish","hentry"],"_links":{"self":[{"href":"http:\/\/wasserwacht-lerchenau.de\/blog\/index.php\/wp-json\/wp\/v2\/pages\/194","targetHints":{"allow":["GET"]}}],"collection":[{"href":"http:\/\/wasserwacht-lerchenau.de\/blog\/index.php\/wp-json\/wp\/v2\/pages"}],"about":[{"href":"http:\/\/wasserwacht-lerchenau.de\/blog\/index.php\/wp-json\/wp\/v2\/types\/page"}],"author":[{"embeddable":true,"href":"http:\/\/wasserwacht-lerchenau.de\/blog\/index.php\/wp-json\/wp\/v2\/users\/5"}],"replies":[{"embeddable":true,"href":"http:\/\/wasserwacht-lerchenau.de\/blog\/index.php\/wp-json\/wp\/v2\/comments?post=194"}],"version-history":[{"count":9,"href":"http:\/\/wasserwacht-lerchenau.de\/blog\/index.php\/wp-json\/wp\/v2\/pages\/194\/revisions"}],"predecessor-version":[{"id":264,"href":"http:\/\/wasserwacht-lerchenau.de\/blog\/index.php\/wp-json\/wp\/v2\/pages\/194\/revisions\/264"}],"wp:attachment":[{"href":"http:\/\/wasserwacht-lerchenau.de\/blog\/index.php\/wp-json\/wp\/v2\/media?parent=194"}],"curies":[{"name":"wp","href":"https:\/\/api.w.org\/{rel}","templated":true}]}}