{"id":26,"date":"2018-06-14T13:24:58","date_gmt":"2018-06-14T11:24:58","guid":{"rendered":"http:\/\/wasserwacht-lerchenau.de\/blog\/?page_id=26"},"modified":"2018-08-02T09:39:42","modified_gmt":"2018-08-02T07:39:42","slug":"unser-see","status":"publish","type":"page","link":"http:\/\/wasserwacht-lerchenau.de\/blog\/index.php\/unser-see\/","title":{"rendered":"Unser See"},"content":{"rendered":"<p><img loading=\"lazy\" decoding=\"async\" src=\"http:\/\/wasserwacht-lerchenau.de\/blog\/wp-content\/uploads\/2018\/06\/IMG_20180527_134145-300x225.jpg\" alt=\"\" width=\"300\" height=\"225\" class=\"alignnone size-medium wp-image-10\" srcset=\"http:\/\/wasserwacht-lerchenau.de\/blog\/wp-content\/uploads\/2018\/06\/IMG_20180527_134145-300x225.jpg 300w, http:\/\/wasserwacht-lerchenau.de\/blog\/wp-content\/uploads\/2018\/06\/IMG_20180527_134145-768x576.jpg 768w, http:\/\/wasserwacht-lerchenau.de\/blog\/wp-content\/uploads\/2018\/06\/IMG_20180527_134145-1024x768.jpg 1024w, http:\/\/wasserwacht-lerchenau.de\/blog\/wp-content\/uploads\/2018\/06\/IMG_20180527_134145-150x113.jpg 150w, http:\/\/wasserwacht-lerchenau.de\/blog\/wp-content\/uploads\/2018\/06\/IMG_20180527_134145-1000x750.jpg 1000w\" sizes=\"auto, (max-width: 300px) 100vw, 300px\" \/><\/p>\n<div id=\"cb_bigtext\">Beim Kiesabbau in den drei\u00dfiger Jahren entstand der Lerchenauer See neben dem Feldmochinger und dem Fasaneriesee als grundwassergespeister Kiessee mit guter Badewasserqualit\u00e4t.<\/div>\n<div id=\"cb_textbox1\" class=\"cb_textbox\">An hei\u00dfen Tagen bietet der See bis zu 8.000 M\u00fcnchnern Erholung.<\/p>\n<p>Unser Badesee ist EU-Badegew\u00e4sser und besitzt ausgedehnte Liegewiesen mit diversen Freizeitm\u00f6glichkeiten.<\/p><\/div>\n<div id=\"cb_textbox2\" class=\"cb_textbox\">L\u00e4nge: ca. 490 m<br \/>\nBreite: ca. 170 m<br \/>\nTiefe: ca. 6,9 m<\/p>\n<p>Fl\u00e4che: ca. 0,08 qkm<br \/>\nVolumen: 38200 kubikmeter<br \/>\nWsp: 494,50 m \u00fc NN<\/p><\/div>\n","protected":false},"excerpt":{"rendered":"<p>Beim Kiesabbau in den drei\u00dfiger Jahren entstand der Lerchenauer See neben dem Feldmochinger und dem Fasaneriesee als grundwassergespeister Kiessee mit guter Badewasserqualit\u00e4t. An hei\u00dfen Tagen bietet der See bis zu 8.000 M\u00fcnchnern Erholung. Unser Badesee ist EU-Badegew\u00e4sser und besitzt ausgedehnte Liegewiesen mit diversen Freizeitm\u00f6glichkeiten. L\u00e4nge: ca. 490 m Breite: ca. 170 m Tiefe: ca. 6,9 [&hellip;]<\/p>\n","protected":false},"author":1,"featured_media":0,"parent":0,"menu_order":0,"comment_status":"closed","ping_status":"closed","template":"","meta":{"footnotes":""},"class_list":["post-26","page","type-page","status-publish","hentry"],"_links":{"self":[{"href":"http:\/\/wasserwacht-lerchenau.de\/blog\/index.php\/wp-json\/wp\/v2\/pages\/26","targetHints":{"allow":["GET"]}}],"collection":[{"href":"http:\/\/wasserwacht-lerchenau.de\/blog\/index.php\/wp-json\/wp\/v2\/pages"}],"about":[{"href":"http:\/\/wasserwacht-lerchenau.de\/blog\/index.php\/wp-json\/wp\/v2\/types\/page"}],"author":[{"embeddable":true,"href":"http:\/\/wasserwacht-lerchenau.de\/blog\/index.php\/wp-json\/wp\/v2\/users\/1"}],"replies":[{"embeddable":true,"href":"http:\/\/wasserwacht-lerchenau.de\/blog\/index.php\/wp-json\/wp\/v2\/comments?post=26"}],"version-history":[{"count":4,"href":"http:\/\/wasserwacht-lerchenau.de\/blog\/index.php\/wp-json\/wp\/v2\/pages\/26\/revisions"}],"predecessor-version":[{"id":150,"href":"http:\/\/wasserwacht-lerchenau.de\/blog\/index.php\/wp-json\/wp\/v2\/pages\/26\/revisions\/150"}],"wp:attachment":[{"href":"http:\/\/wasserwacht-lerchenau.de\/blog\/index.php\/wp-json\/wp\/v2\/media?parent=26"}],"curies":[{"name":"wp","href":"https:\/\/api.w.org\/{rel}","templated":true}]}}