{"id":30,"date":"2018-06-14T13:28:55","date_gmt":"2018-06-14T11:28:55","guid":{"rendered":"http:\/\/wasserwacht-lerchenau.de\/blog\/?page_id=30"},"modified":"2018-08-02T09:40:09","modified_gmt":"2018-08-02T07:40:09","slug":"wachdienst","status":"publish","type":"page","link":"http:\/\/wasserwacht-lerchenau.de\/blog\/index.php\/wachdienst\/","title":{"rendered":"Wachdienst"},"content":{"rendered":"<div id=\"cb_bigtext\">Im Wachdienst sorgen unsere ehrenamtlichen Mitglieder f\u00fcr die Sicherstellung des Wasserrettungsdienstes auf dem See und der medizinischen Erstversorgung der Badeg\u00e4ste.<\/div>\n<div id=\"cb_textbox1\" class=\"cb_textbox\">W\u00e4hrend der Badesaison von <i>1.\u00a0Mai bis 31.\u00a0September<\/i> haben wir an Wochenenden und Feiertagen von <i>12:00\u00a0Uhr bis 18:00\u00a0Uhr<\/i> Wachdienst am See.<\/div>\n<div id=\"cb_textbox2\" class=\"cb_textbox\">Mit unserem Boot k\u00f6nnen wir hilfebed\u00fcrftige Personen im Wasser in k\u00fcrzester Zeit retten. Au\u00dferdem k\u00f6nnen wir in unserem Sanit\u00e4tsraum kleinere Verletzungen ambulant behandeln. Wir sind jedoch auch in der Lage, schwerste Verletzungen bis zum Abtransport ins Krankenhaus zu versorgen.<\/div>\n<p><img loading=\"lazy\" decoding=\"async\" src=\"http:\/\/wasserwacht-lerchenau.de\/blog\/wp-content\/uploads\/2018\/08\/Boot7-300x200.jpg\" alt=\"\" width=\"300\" height=\"200\" class=\"alignnone size-medium wp-image-126\" srcset=\"http:\/\/wasserwacht-lerchenau.de\/blog\/wp-content\/uploads\/2018\/08\/Boot7-300x200.jpg 300w, http:\/\/wasserwacht-lerchenau.de\/blog\/wp-content\/uploads\/2018\/08\/Boot7-768x512.jpg 768w, http:\/\/wasserwacht-lerchenau.de\/blog\/wp-content\/uploads\/2018\/08\/Boot7-1024x683.jpg 1024w, http:\/\/wasserwacht-lerchenau.de\/blog\/wp-content\/uploads\/2018\/08\/Boot7-150x100.jpg 150w, http:\/\/wasserwacht-lerchenau.de\/blog\/wp-content\/uploads\/2018\/08\/Boot7-1000x667.jpg 1000w\" sizes=\"auto, (max-width: 300px) 100vw, 300px\" \/><\/p>\n","protected":false},"excerpt":{"rendered":"<p>Im Wachdienst sorgen unsere ehrenamtlichen Mitglieder f\u00fcr die Sicherstellung des Wasserrettungsdienstes auf dem See und der medizinischen Erstversorgung der Badeg\u00e4ste. W\u00e4hrend der Badesaison von 1.\u00a0Mai bis 31.\u00a0September haben wir an Wochenenden und Feiertagen von 12:00\u00a0Uhr bis 18:00\u00a0Uhr Wachdienst am See. Mit unserem Boot k\u00f6nnen wir hilfebed\u00fcrftige Personen im Wasser in k\u00fcrzester Zeit retten. Au\u00dferdem k\u00f6nnen [&hellip;]<\/p>\n","protected":false},"author":1,"featured_media":0,"parent":0,"menu_order":0,"comment_status":"closed","ping_status":"closed","template":"","meta":{"footnotes":""},"class_list":["post-30","page","type-page","status-publish","hentry"],"_links":{"self":[{"href":"http:\/\/wasserwacht-lerchenau.de\/blog\/index.php\/wp-json\/wp\/v2\/pages\/30","targetHints":{"allow":["GET"]}}],"collection":[{"href":"http:\/\/wasserwacht-lerchenau.de\/blog\/index.php\/wp-json\/wp\/v2\/pages"}],"about":[{"href":"http:\/\/wasserwacht-lerchenau.de\/blog\/index.php\/wp-json\/wp\/v2\/types\/page"}],"author":[{"embeddable":true,"href":"http:\/\/wasserwacht-lerchenau.de\/blog\/index.php\/wp-json\/wp\/v2\/users\/1"}],"replies":[{"embeddable":true,"href":"http:\/\/wasserwacht-lerchenau.de\/blog\/index.php\/wp-json\/wp\/v2\/comments?post=30"}],"version-history":[{"count":5,"href":"http:\/\/wasserwacht-lerchenau.de\/blog\/index.php\/wp-json\/wp\/v2\/pages\/30\/revisions"}],"predecessor-version":[{"id":152,"href":"http:\/\/wasserwacht-lerchenau.de\/blog\/index.php\/wp-json\/wp\/v2\/pages\/30\/revisions\/152"}],"wp:attachment":[{"href":"http:\/\/wasserwacht-lerchenau.de\/blog\/index.php\/wp-json\/wp\/v2\/media?parent=30"}],"curies":[{"name":"wp","href":"https:\/\/api.w.org\/{rel}","templated":true}]}}