{"id":45,"date":"2018-06-14T13:42:59","date_gmt":"2018-06-14T11:42:59","guid":{"rendered":"http:\/\/wasserwacht-lerchenau.de\/blog\/?page_id=45"},"modified":"2018-12-30T11:50:43","modified_gmt":"2018-12-30T10:50:43","slug":"station","status":"publish","type":"page","link":"http:\/\/wasserwacht-lerchenau.de\/blog\/index.php\/station\/","title":{"rendered":"Station"},"content":{"rendered":"<p><img loading=\"lazy\" decoding=\"async\" class=\"alignnone size-medium wp-image-6\" src=\"http:\/\/wasserwacht-lerchenau.de\/blog\/wp-content\/uploads\/2018\/06\/hg_station-300x109.jpg\" alt=\"\" width=\"300\" height=\"109\" srcset=\"http:\/\/wasserwacht-lerchenau.de\/blog\/wp-content\/uploads\/2018\/06\/hg_station-300x109.jpg 300w, http:\/\/wasserwacht-lerchenau.de\/blog\/wp-content\/uploads\/2018\/06\/hg_station-768x279.jpg 768w, http:\/\/wasserwacht-lerchenau.de\/blog\/wp-content\/uploads\/2018\/06\/hg_station-1024x372.jpg 1024w, http:\/\/wasserwacht-lerchenau.de\/blog\/wp-content\/uploads\/2018\/06\/hg_station-150x54.jpg 150w, http:\/\/wasserwacht-lerchenau.de\/blog\/wp-content\/uploads\/2018\/06\/hg_station-1000x363.jpg 1000w, http:\/\/wasserwacht-lerchenau.de\/blog\/wp-content\/uploads\/2018\/06\/hg_station.jpg 1091w\" sizes=\"auto, (max-width: 300px) 100vw, 300px\" \/><\/p>\n<div id=\"cb_bigtext\">Die 1994 am S\u00fcdufer des Sees erbaute Station, die Anfang des Jahres 2016 durch eine neue Station ersetzt wurde, diente mehrere Jahre als St\u00fctzpunkt und wurde in gemeinschaftlicher Arbeit von allen Ortsgruppen der Wasserwacht M\u00fcnchen besetzt. Mit dem Jahr 2000 wurde die Wasserrettungsstation zur Heimat der neugegr\u00fcndeten Ortsgruppe Lerchenauer See.<\/div>\n<div id=\"cb_textbox1\" class=\"cb_textbox\">Derzeit verzeichnet die OG eine Anzahl von 48 Mitgliedern. Sie setzt sich ausschlie\u00dflich aus ehrenamtlichen Helfern aller Altersklassen und Berufsgruppen zusammen, die sich in ihrer Freizeit f\u00fcr diese Aufgabe zur Verf\u00fcgung stellen.<\/div>\n<div id=\"cb_textbox2\" class=\"cb_textbox\">Insgesamt leisten die Mitglieder der OG in diesem Rahmen ca. 500\u00a0Stunden im aktiven Wachdienst pro Saison.<\/div>\n<div id=\"cb_textbox3\" class=\"cb_textbox\">Bei Fragen oder Problemen schauen Sie einfach bei besetzter Station herein, und wenden Sie sich an einen unserer Helfer. Soweit m\u00f6glich, stehen wir Ihnen gerne hilfreich zur Seite.<\/div>\n<p><img loading=\"lazy\" decoding=\"async\" class=\"alignnone size-medium wp-image-121\" src=\"http:\/\/wasserwacht-lerchenau.de\/blog\/wp-content\/uploads\/2018\/08\/kueche-300x169.jpg\" alt=\"\" width=\"300\" height=\"169\" srcset=\"http:\/\/wasserwacht-lerchenau.de\/blog\/wp-content\/uploads\/2018\/08\/kueche-300x168.jpg 300w, http:\/\/wasserwacht-lerchenau.de\/blog\/wp-content\/uploads\/2018\/08\/kueche-768x432.jpg 768w, http:\/\/wasserwacht-lerchenau.de\/blog\/wp-content\/uploads\/2018\/08\/kueche-1024x576.jpg 1024w, http:\/\/wasserwacht-lerchenau.de\/blog\/wp-content\/uploads\/2018\/08\/kueche-150x84.jpg 150w, http:\/\/wasserwacht-lerchenau.de\/blog\/wp-content\/uploads\/2018\/08\/kueche-1000x563.jpg 1000w\" sizes=\"auto, (max-width: 300px) 100vw, 300px\" \/><\/p>\n","protected":false},"excerpt":{"rendered":"<p>Die 1994 am S\u00fcdufer des Sees erbaute Station, die Anfang des Jahres 2016 durch eine neue Station ersetzt wurde, diente mehrere Jahre als St\u00fctzpunkt und wurde in gemeinschaftlicher Arbeit von allen Ortsgruppen der Wasserwacht M\u00fcnchen besetzt. Mit dem Jahr 2000 wurde die Wasserrettungsstation zur Heimat der neugegr\u00fcndeten Ortsgruppe Lerchenauer See. Derzeit verzeichnet die OG eine [&hellip;]<\/p>\n","protected":false},"author":1,"featured_media":0,"parent":0,"menu_order":0,"comment_status":"closed","ping_status":"closed","template":"","meta":{"footnotes":""},"class_list":["post-45","page","type-page","status-publish","hentry"],"_links":{"self":[{"href":"http:\/\/wasserwacht-lerchenau.de\/blog\/index.php\/wp-json\/wp\/v2\/pages\/45","targetHints":{"allow":["GET"]}}],"collection":[{"href":"http:\/\/wasserwacht-lerchenau.de\/blog\/index.php\/wp-json\/wp\/v2\/pages"}],"about":[{"href":"http:\/\/wasserwacht-lerchenau.de\/blog\/index.php\/wp-json\/wp\/v2\/types\/page"}],"author":[{"embeddable":true,"href":"http:\/\/wasserwacht-lerchenau.de\/blog\/index.php\/wp-json\/wp\/v2\/users\/1"}],"replies":[{"embeddable":true,"href":"http:\/\/wasserwacht-lerchenau.de\/blog\/index.php\/wp-json\/wp\/v2\/comments?post=45"}],"version-history":[{"count":6,"href":"http:\/\/wasserwacht-lerchenau.de\/blog\/index.php\/wp-json\/wp\/v2\/pages\/45\/revisions"}],"predecessor-version":[{"id":159,"href":"http:\/\/wasserwacht-lerchenau.de\/blog\/index.php\/wp-json\/wp\/v2\/pages\/45\/revisions\/159"}],"wp:attachment":[{"href":"http:\/\/wasserwacht-lerchenau.de\/blog\/index.php\/wp-json\/wp\/v2\/media?parent=45"}],"curies":[{"name":"wp","href":"https:\/\/api.w.org\/{rel}","templated":true}]}}