{"id":61,"date":"2018-07-08T11:44:27","date_gmt":"2018-07-08T09:44:27","guid":{"rendered":"http:\/\/wasserwacht-lerchenau.de\/blog\/?page_id=61"},"modified":"2018-08-02T09:42:09","modified_gmt":"2018-08-02T07:42:09","slug":"ueber-uns","status":"publish","type":"page","link":"http:\/\/wasserwacht-lerchenau.de\/blog\/index.php\/ueber-uns\/","title":{"rendered":"\u00dcber uns"},"content":{"rendered":"<div id=\"id3\">\n<div>\n<div>\n<p>Die Wasserwacht ist eine Gemeinschaft des Bayrischen Roten Kreuzes (BRK). Sie hat sich der Rettung von Personen am, auf und im Wasser verschrieben. Die Wasserwacht Lerchenau ist Teil der Kreiswasserwacht M\u00fcnchen und sorgt am Lerchenauer See f\u00fcr Ihre Sicherheit f\u00fcr ein ungetr\u00fcbtes Badevergn\u00fcgen. Alle Mitglieder der Wasserwacht arbeiten ehrenamtlich in ihrer Freizeit.<\/p>\n<p>Das Motto unserer Gemeinschaft lautet: Aus Spass am Sport und Freude am Helfen!<br \/>\n<img loading=\"lazy\" decoding=\"async\" src=\"http:\/\/wasserwacht-lerchenau.de\/blog\/wp-content\/uploads\/2018\/08\/Boot8-300x200.jpg\" alt=\"\" width=\"300\" height=\"200\" class=\"alignnone size-medium wp-image-123\" srcset=\"http:\/\/wasserwacht-lerchenau.de\/blog\/wp-content\/uploads\/2018\/08\/Boot8-300x200.jpg 300w, http:\/\/wasserwacht-lerchenau.de\/blog\/wp-content\/uploads\/2018\/08\/Boot8-768x512.jpg 768w, http:\/\/wasserwacht-lerchenau.de\/blog\/wp-content\/uploads\/2018\/08\/Boot8-1024x683.jpg 1024w, http:\/\/wasserwacht-lerchenau.de\/blog\/wp-content\/uploads\/2018\/08\/Boot8-150x100.jpg 150w, http:\/\/wasserwacht-lerchenau.de\/blog\/wp-content\/uploads\/2018\/08\/Boot8-1000x667.jpg 1000w\" sizes=\"auto, (max-width: 300px) 100vw, 300px\" \/><\/p>\n<p>&nbsp;<\/p>\n<p>Unser Hauptziel ist das Bek\u00e4mpfen des Ertrinkungstodes sowie die Erh\u00f6hung der Sicherheit beim Baden am Lerchenauer See.<\/p>\n<\/div>\n<\/div>\n<\/div>\n<div id=\"id4\">\n<div>\n<div>\n<p>Die Rettungsstation am Lerchenauer See wurde 2016 fertiggestellt. Vorher waren hier 20 Jahre 3 miteinander verbundene Container gestanden.<\/p>\n<p>Die Wachstation bietet alles, was f\u00fcr die Wasserrettung am Lerchenauer See ben\u00f6tigt wird, neben einem Sanit\u00e4tsraum, Garage und einem Bootshaus auch all das, was die Wachmannschaft an einem langen Wachtag braucht. Dazu geh\u00f6rt ein Aufenthaltsraum mit K\u00fcchenbereich und K\u00fchlschrank, ein Umkleideraum mit F\u00e4chern f\u00fcr die pers\u00f6nliche Ausr\u00fcstung sowie Toiletten und Duschen.<\/p>\n<p>Die Wasserwacht am Lerchenauer See ist w\u00e4hrend der Badesaison an Wochenenden und Feiertagen von unseren ehrenamtlichen Mitgliedern besetzt.<\/p>\n<\/div>\n<\/div>\n<\/div>\n<div id=\"id5\">\n<img loading=\"lazy\" decoding=\"async\" src=\"http:\/\/wasserwacht-lerchenau.de\/blog\/wp-content\/uploads\/2018\/08\/Brett6-300x169.jpg\" alt=\"\" width=\"300\" height=\"169\" class=\"alignnone size-medium wp-image-139\" srcset=\"http:\/\/wasserwacht-lerchenau.de\/blog\/wp-content\/uploads\/2018\/08\/Brett6-300x168.jpg 300w, http:\/\/wasserwacht-lerchenau.de\/blog\/wp-content\/uploads\/2018\/08\/Brett6-768x432.jpg 768w, http:\/\/wasserwacht-lerchenau.de\/blog\/wp-content\/uploads\/2018\/08\/Brett6-1024x576.jpg 1024w, http:\/\/wasserwacht-lerchenau.de\/blog\/wp-content\/uploads\/2018\/08\/Brett6-150x84.jpg 150w, http:\/\/wasserwacht-lerchenau.de\/blog\/wp-content\/uploads\/2018\/08\/Brett6-1000x563.jpg 1000w\" sizes=\"auto, (max-width: 300px) 100vw, 300px\" \/><br \/>\nUnsere Aufgaben:<\/p>\n<ul>\n<li>Rettung von Personen am und im Wasser<\/li>\n<li>Aus- und Fortbildung am und im Wasser<\/li>\n<li>\u00f6ffentliche Schwimm- und Rettungsschwimmkurse<\/li>\n<li>Erh\u00f6hung der Sicherheit am und im Wasser<\/li>\n<li>Suche und Bergung von Ertrunkenen<\/li>\n<li>Natur- und Gew\u00e4sserschutz<\/li>\n<li>Ausbildung der Jugend<\/li>\n<\/ul>\n<\/div>\n","protected":false},"excerpt":{"rendered":"<p>Die Wasserwacht ist eine Gemeinschaft des Bayrischen Roten Kreuzes (BRK). Sie hat sich der Rettung von Personen am, auf und im Wasser verschrieben. Die Wasserwacht Lerchenau ist Teil der Kreiswasserwacht M\u00fcnchen und sorgt am Lerchenauer See f\u00fcr Ihre Sicherheit f\u00fcr ein ungetr\u00fcbtes Badevergn\u00fcgen. Alle Mitglieder der Wasserwacht arbeiten ehrenamtlich in ihrer Freizeit. Das Motto unserer [&hellip;]<\/p>\n","protected":false},"author":1,"featured_media":0,"parent":0,"menu_order":0,"comment_status":"closed","ping_status":"closed","template":"","meta":{"footnotes":""},"class_list":["post-61","page","type-page","status-publish","hentry"],"_links":{"self":[{"href":"http:\/\/wasserwacht-lerchenau.de\/blog\/index.php\/wp-json\/wp\/v2\/pages\/61","targetHints":{"allow":["GET"]}}],"collection":[{"href":"http:\/\/wasserwacht-lerchenau.de\/blog\/index.php\/wp-json\/wp\/v2\/pages"}],"about":[{"href":"http:\/\/wasserwacht-lerchenau.de\/blog\/index.php\/wp-json\/wp\/v2\/types\/page"}],"author":[{"embeddable":true,"href":"http:\/\/wasserwacht-lerchenau.de\/blog\/index.php\/wp-json\/wp\/v2\/users\/1"}],"replies":[{"embeddable":true,"href":"http:\/\/wasserwacht-lerchenau.de\/blog\/index.php\/wp-json\/wp\/v2\/comments?post=61"}],"version-history":[{"count":3,"href":"http:\/\/wasserwacht-lerchenau.de\/blog\/index.php\/wp-json\/wp\/v2\/pages\/61\/revisions"}],"predecessor-version":[{"id":155,"href":"http:\/\/wasserwacht-lerchenau.de\/blog\/index.php\/wp-json\/wp\/v2\/pages\/61\/revisions\/155"}],"wp:attachment":[{"href":"http:\/\/wasserwacht-lerchenau.de\/blog\/index.php\/wp-json\/wp\/v2\/media?parent=61"}],"curies":[{"name":"wp","href":"https:\/\/api.w.org\/{rel}","templated":true}]}}